{"id":772,"date":"2024-01-12T01:44:00","date_gmt":"2024-01-12T01:44:00","guid":{"rendered":"https:\/\/myaingenieriaysuministros.com.co\/?post_type=product&#038;p=772"},"modified":"2025-05-26T22:37:03","modified_gmt":"2025-05-26T22:37:03","slug":"reduccion-monolitica-pp-pn-16-diametro-63mmx50mm","status":"publish","type":"product","link":"https:\/\/myaingenieriaysuministros.com.co\/index.php\/producto\/reduccion-monolitica-pp-pn-16-diametro-63mmx50mm\/","title":{"rendered":"REDUCCI\u00d3N MONOL\u00cdTICA PP PN 16 DI\u00c1METRO 63mmx50mm"},"content":{"rendered":"<p>Reducci\u00f3n monol\u00edtica, acople r\u00e1pido de 63mmx50mm<\/p>\n","protected":false},"excerpt":{"rendered":"<p>Reducci\u00f3n monol\u00edtica, acople r\u00e1pido de 63mmx50mm<\/p>\n","protected":false},"featured_media":773,"comment_status":"open","ping_status":"closed","template":"","meta":{"_et_pb_use_builder":"","_et_pb_old_content":"","_et_gb_content_width":"","_joinchat":[]},"product_brand":[],"product_cat":[26],"product_tag":[63,67,51,50,75,76,48,65,58,71,77,66,68,60,64,62,45,46,56,57,59,44,55,61,54,52,49,47,69,53,70],"class_list":{"0":"post-772","1":"product","2":"type-product","3":"status-publish","4":"has-post-thumbnail","6":"product_cat-accesorios-rapidos-compresion","7":"product_tag-63","8":"product_tag-acueducto-rural","9":"product_tag-acueductos","10":"product_tag-agua-potable","11":"product_tag-collar-de-derivacion","12":"product_tag-collarin","13":"product_tag-electrofusion","14":"product_tag-ensayos-de-presion","15":"product_tag-extrucol","16":"product_tag-fontanero","17":"product_tag-galapago","18":"product_tag-hidrostatica","19":"product_tag-manguera","20":"product_tag-negra","21":"product_tag-ntc","22":"product_tag-ntc-4585","23":"product_tag-pe100","24":"product_tag-pehd","25":"product_tag-pn-10","26":"product_tag-pn-16","27":"product_tag-polietileno","28":"product_tag-polietileno-de-alta-densidad","29":"product_tag-rci","30":"product_tag-rde-21","31":"product_tag-redes-contra-incendio","32":"product_tag-rural","33":"product_tag-servisuministros","34":"product_tag-termofusion","35":"product_tag-tuberia","36":"product_tag-urbano","37":"product_tag-valvula","39":"first","40":"instock","41":"taxable","42":"shipping-taxable","43":"purchasable","44":"product-type-simple"},"yoast_head":"<!-- This site is optimized with the Yoast SEO Premium plugin v14.8.1 - https:\/\/yoast.com\/wordpress\/plugins\/seo\/ -->\n<title>REDUCCI\u00d3N MONOL\u00cdTICA PP PN 16 DI\u00c1METRO 63mmx50mm - TERMOFUSI\u00d3N<\/title>\n<meta name=\"robots\" content=\"index, follow\" \/>\n<meta name=\"googlebot\" content=\"index, follow, max-snippet:-1, max-image-preview:large, max-video-preview:-1\" \/>\n<meta name=\"bingbot\" content=\"index, follow, max-snippet:-1, max-image-preview:large, max-video-preview:-1\" \/>\n<link rel=\"canonical\" href=\"https:\/\/myaingenieriaysuministros.com.co\/index.php\/producto\/reduccion-monolitica-pp-pn-16-diametro-63mmx50mm\/\" \/>\n<meta property=\"og:locale\" content=\"es_ES\" \/>\n<meta property=\"og:type\" content=\"article\" \/>\n<meta property=\"og:title\" content=\"REDUCCI\u00d3N MONOL\u00cdTICA PP PN 16 DI\u00c1METRO 63mmx50mm - TERMOFUSI\u00d3N\" \/>\n<meta property=\"og:description\" content=\"Reducci\u00f3n monol\u00edtica, acople r\u00e1pido de 63mmx50mm\" \/>\n<meta property=\"og:url\" content=\"https:\/\/myaingenieriaysuministros.com.co\/index.php\/producto\/reduccion-monolitica-pp-pn-16-diametro-63mmx50mm\/\" \/>\n<meta property=\"og:site_name\" content=\"TERMOFUSI\u00d3N\" \/>\n<meta property=\"article:publisher\" content=\"https:\/\/www.facebook.com\/jorge.alexander042009?locale=es_LA\" \/>\n<meta property=\"article:modified_time\" content=\"2025-05-26T22:37:03+00:00\" \/>\n<meta property=\"og:image\" content=\"https:\/\/myaingenieriaysuministros.com.co\/wp-content\/uploads\/2024\/01\/red-monolitica.jpg\" \/>\n\t<meta property=\"og:image:width\" content=\"512\" \/>\n\t<meta property=\"og:image:height\" content=\"512\" \/>\n<meta name=\"twitter:card\" content=\"summary_large_image\" \/>\n<script type=\"application\/ld+json\" class=\"yoast-schema-graph\">{\"@context\":\"https:\/\/schema.org\",\"@graph\":[{\"@type\":\"Organization\",\"@id\":\"https:\/\/myaingenieriaysuministros.com.co\/#organization\",\"name\":\"M&A INGENIERIA Y SUMINISTROS SAS\",\"url\":\"https:\/\/myaingenieriaysuministros.com.co\/\",\"sameAs\":[\"https:\/\/www.facebook.com\/jorge.alexander042009?locale=es_LA\"],\"logo\":{\"@type\":\"ImageObject\",\"@id\":\"https:\/\/myaingenieriaysuministros.com.co\/#logo\",\"inLanguage\":\"es\",\"url\":\"https:\/\/myaingenieriaysuministros.com.co\/wp-content\/uploads\/2023\/01\/loguino2.png\",\"width\":811,\"height\":338,\"caption\":\"M&A INGENIERIA Y SUMINISTROS SAS\"},\"image\":{\"@id\":\"https:\/\/myaingenieriaysuministros.com.co\/#logo\"}},{\"@type\":\"WebSite\",\"@id\":\"https:\/\/myaingenieriaysuministros.com.co\/#website\",\"url\":\"https:\/\/myaingenieriaysuministros.com.co\/\",\"name\":\"M&amp;A\",\"description\":\"Ingenieria y Suministros\",\"publisher\":{\"@id\":\"https:\/\/myaingenieriaysuministros.com.co\/#organization\"},\"potentialAction\":[{\"@type\":\"SearchAction\",\"target\":\"https:\/\/myaingenieriaysuministros.com.co\/?s={search_term_string}\",\"query-input\":\"required name=search_term_string\"}],\"inLanguage\":\"es\"},{\"@type\":\"ImageObject\",\"@id\":\"https:\/\/myaingenieriaysuministros.com.co\/index.php\/producto\/reduccion-monolitica-pp-pn-16-diametro-63mmx50mm\/#primaryimage\",\"inLanguage\":\"es\",\"url\":\"https:\/\/myaingenieriaysuministros.com.co\/wp-content\/uploads\/2024\/01\/red-monolitica.jpg\",\"width\":512,\"height\":512},{\"@type\":\"WebPage\",\"@id\":\"https:\/\/myaingenieriaysuministros.com.co\/index.php\/producto\/reduccion-monolitica-pp-pn-16-diametro-63mmx50mm\/#webpage\",\"url\":\"https:\/\/myaingenieriaysuministros.com.co\/index.php\/producto\/reduccion-monolitica-pp-pn-16-diametro-63mmx50mm\/\",\"name\":\"REDUCCI\\u00d3N MONOL\\u00cdTICA PP PN 16 DI\\u00c1METRO 63mmx50mm - TERMOFUSI\\u00d3N\",\"isPartOf\":{\"@id\":\"https:\/\/myaingenieriaysuministros.com.co\/#website\"},\"primaryImageOfPage\":{\"@id\":\"https:\/\/myaingenieriaysuministros.com.co\/index.php\/producto\/reduccion-monolitica-pp-pn-16-diametro-63mmx50mm\/#primaryimage\"},\"datePublished\":\"2024-01-12T01:44:00+00:00\",\"dateModified\":\"2025-05-26T22:37:03+00:00\",\"inLanguage\":\"es\",\"potentialAction\":[{\"@type\":\"ReadAction\",\"target\":[\"https:\/\/myaingenieriaysuministros.com.co\/index.php\/producto\/reduccion-monolitica-pp-pn-16-diametro-63mmx50mm\/\"]}]}]}<\/script>\n<!-- \/ Yoast SEO Premium plugin. -->","_links":{"self":[{"href":"https:\/\/myaingenieriaysuministros.com.co\/index.php\/wp-json\/wp\/v2\/product\/772","targetHints":{"allow":["GET"]}}],"collection":[{"href":"https:\/\/myaingenieriaysuministros.com.co\/index.php\/wp-json\/wp\/v2\/product"}],"about":[{"href":"https:\/\/myaingenieriaysuministros.com.co\/index.php\/wp-json\/wp\/v2\/types\/product"}],"replies":[{"embeddable":true,"href":"https:\/\/myaingenieriaysuministros.com.co\/index.php\/wp-json\/wp\/v2\/comments?post=772"}],"wp:featuredmedia":[{"embeddable":true,"href":"https:\/\/myaingenieriaysuministros.com.co\/index.php\/wp-json\/wp\/v2\/media\/773"}],"wp:attachment":[{"href":"https:\/\/myaingenieriaysuministros.com.co\/index.php\/wp-json\/wp\/v2\/media?parent=772"}],"wp:term":[{"taxonomy":"product_brand","embeddable":true,"href":"https:\/\/myaingenieriaysuministros.com.co\/index.php\/wp-json\/wp\/v2\/product_brand?post=772"},{"taxonomy":"product_cat","embeddable":true,"href":"https:\/\/myaingenieriaysuministros.com.co\/index.php\/wp-json\/wp\/v2\/product_cat?post=772"},{"taxonomy":"product_tag","embeddable":true,"href":"https:\/\/myaingenieriaysuministros.com.co\/index.php\/wp-json\/wp\/v2\/product_tag?post=772"}],"curies":[{"name":"wp","href":"https:\/\/api.w.org\/{rel}","templated":true}]}}